{"id":413,"date":"2017-07-24T15:19:19","date_gmt":"2017-07-24T13:19:19","guid":{"rendered":"https:\/\/www.dejanlazic.com\/dejan-lasic\/"},"modified":"2023-08-03T14:38:02","modified_gmt":"2023-08-03T12:38:02","slug":"dejan-lasic","status":"publish","type":"page","link":"https:\/\/www.dejanlazic.com\/de\/","title":{"rendered":"Biographie"},"content":{"rendered":"<div class=\"grid-3_sm-1\"><div class=\"col\"><img loading=\"lazy\" decoding=\"async\" class=\"alignnone size-full wp-image-118\" src=\"https:\/\/www.dejanlazic.com\/wp-content\/uploads\/2017\/07\/Dejan-Lazic-final-layout-images_Seite_15_Bild_0001.jpg\" alt=\"\" width=\"465\" height=\"1160\" srcset=\"https:\/\/www.dejanlazic.com\/wp-content\/uploads\/2017\/07\/Dejan-Lazic-final-layout-images_Seite_15_Bild_0001.jpg 465w, https:\/\/www.dejanlazic.com\/wp-content\/uploads\/2017\/07\/Dejan-Lazic-final-layout-images_Seite_15_Bild_0001-60x150.jpg 60w, https:\/\/www.dejanlazic.com\/wp-content\/uploads\/2017\/07\/Dejan-Lazic-final-layout-images_Seite_15_Bild_0001-400x999.jpg 400w\" sizes=\"(max-width: 465px) 100vw, 465px\" \/><\/div>\n<div class=\"col\">\n<p><em class=\"versalie\">D<\/em>ejan Lazi\u0107s erfrischende Interpretationen des Repertoires haben ihn zu einem der einzigartigsten und ungew\u00f6hnlichsten Solisten seiner Generation gemacht. Das Spiegel Magazin notierte zu seiner Liszt-Aufnahme f\u00fcr Onyx Classics: \u201eGrandiose Technik, engagiert und witzig, dabei vollmundig und nachdenklich: Dieser L\u00e4ngsschnitt durch Liszts Schaffen ist ein Geschenk, sowohl f\u00fcr Einsteiger als auch f\u00fcr Kenner.\u201c Dejan Lazi\u0107 hat zuvor viele Aufnahmen bei Channel Classics ver\u00f6ffentlicht, darunter eine von der Kritik gefeierte Liaisons-Serie; die neueste davon verbindet C. P. E. Bach und Britten. Im Herbst 2017 ging er auf Tournee mit dem Niederl\u00e4ndischen Kammerorchester und Gordan Nikoli\u0107 und nahm Beethovens eigene Bearbeitung seines Violinkonzerts als Klavierkonzert in D-Dur, Op. 61a, auf. Diese CD wurde im Mai 2018 von Onyx Classics ver\u00f6ffentlicht. Seine Live-Aufnahme von Rachmaninovs Klavierkonzert Nr. 2 mit dem London Philharmonic Orchestra und Kirill Petrenko wurde 2009 mit dem deutschen \u201eECHO Klassik\u201c ausgezeichnet. Eine Aufnahme des Tripelkonzerts von Beethoven erschien 2015 bei Sony Music. Seine Aufnahme mit Mozarts Kammermusik, die 2020 bei Onyx erschien, wurde mit dem renommierten \u201eOPUS Klassik\u201c 2021 in der Kategorie \u201eKammermusikeinspielung\u201c ausgezeichnet.<\/p>\n<p>Dejan Lazi\u0107 spielt regelm\u00e4\u00dfig mit Orchestern wie dem Atlanta Symphony, Australian Chamber Orchestra, Boston Symphony, Budapest Festival Orchestra, Basel Chamber Orchestra, Chicago Symphony, City of Birmingham Symphony Orchestra, Royal Concertgebouw Orchestra, Danish National Symphony, Helsinki Philharmonic,\u00a0NDR Elbphilharmonie Orchestra Hamburg, Netherlands Philharmonic, Rotterdam Philharmonic und das Swedish Radio Symphony Orchestra. Lazi\u0107 erfreut sich einer bedeutenden Anh\u00e4ngerschaft im Fernen Osten, tourt mit dem Budapest Festival Orchestra und Iv\u00e1n Fischer durch China und tritt mit NHK Symphony und Yomiuri Nippon sowie mit den Philharmonischen Orchestern von Seoul und Hongkong auf. Er hat eine enge Zusammenarbeit mit Dirigenten wie Giovanni Antonini, Iv\u00e1n Fischer, Michael Francis, Andris Nelsons, Ivan Repu\u0161i\u0107, Thomas S\u00f8nderg\u00e5rd, Robert Spano, John Storg\u00e5rds, Krzysztof Urba\u0144ski, Jan Willem de Vriend und Kazuki Yamada aufgebaut.\u00a0Dar\u00fcberhinaus leitet und dirigiert er die Orchester zunehmend auch selbst.<\/p>\n<p>In der Saison 2021\/22 war Dejan Lazi\u0107 Artist-in-Residence beim M\u00fcnchner Rundfunkorchester des Bayerischen Rundfunks, und zwar in allen drei Rollen: als Pianist, Komponist und Dirigent. In 2023 unternimmt er erneut eine Tournee mit dem Budapest Festival Orchestra und Iv\u00e1n Fischer. In 2022\/23 deb\u00fctierte er auch mit den Philharmonischen Orchestern aus Dresden, Stuttgart und Bergen, mit der Slowakischen Philharmonie, sowie mit dem Orchestra della Svizzera italiana. Rezitals f\u00fchren ihn regelm\u00e4\u00dfig an Spielorte wie das Teatro Col\u00f3n (Buenos Aires), das Lincoln Center (New York), das Melbourne Recital Centre, Sydney Opera House, die Forbidden City Recital Hall (Peking) und zu verschiedenen europ\u00e4ischen Musikzentren und Festivals. Im Sommer 2022 tritt er erneut beim Gstaad Menuhin Festival auf: in einem Solo- und einem Kammermusikabend mit Sol Gabetta (Violoncello), Andreas Ottensamer (Klarinette) und Zen Hu (Violine), wo auch seine neueste Komposition \u201eKaleidoskop\u201c f\u00fcr Klarinette (Violine), Violoncello und Klavier uraufgef\u00fchrt wurde. Weitere Kammermusikpartner sind die Geiger Joshua Bell und Benjamin Schmid (u.a.).<\/p>\n<\/div>\n<div class=\"col\">\n<p><em class=\"versalie\">D<\/em>ie Kompositionen von Dejan Lazi\u0107 erfahren zunehmende Anerkennung, er wurde 2015 von den Sikorski Musikverlagen als Komponist unter Vertrag genommen. Seine Bearbeitung des Violinkonzerts von Brahms als Klavierkonzert wurde 2009 mit dem Atlanta Symphony Orchestra und Robert Spano uraufgef\u00fchrt sowie aufgenommen und erfreut sich anhaltenden Erfolgs: bei BBC Proms, Concertgebouw Amsterdam, Hamburger Osterfestspielen, Chopin-Festival Warschau, in Amerika und Japan. Lazi\u0107 hat sein \u201eKlavierkonzert im istrischen Stil\u201c, Op. 18, viele Male seit seiner Urauff\u00fchrung beim Aspen Music Festival 2014 gespielt, und 2023 auch aufgenommen. Sein erstes gro\u00dfes Orchesterwerk, eine Tondichtung mit dem Titel \u201eMozart und Salieri\u201c (nach Alexander Puschkin), Op. 21, wurde von Indianapolis Symphony und Krzysztof Urba\u0144ski in Auftrag gegeben und uraufgef\u00fchrt; seine Kadenzen zu 6 Mozarts Klavierkonzerten, Beethovens Klavierkonzerten Nr. 1 \u2013 4 und Haydns Klavierkonzerten Nr. 4 &amp; 11 wurden ebenfalls bei Sikorski neulich ver\u00f6ffentlicht.<\/p>\n<p>Lazi\u0107s j\u00fcngste Mozart-Bearbeitung \u201eRondo Concertante\u201c f\u00fcr Klavier und Orchester (nach dem 3. Satz aus Mozarts Klaviersonate in B-Dur, KV 333) wurde im Juni 2018 beim \u201eMainly Mozart\u201c-Festival in San Diego, USA, uraufgef\u00fchrt, mit dem Mainly Mozart Festival Orchestra unter der Leitung von Michael Francis. Mit vier Komponistenkollegen komponierte Lazi\u0107 das Werk \u201eDer Forellenteich\u201c, das im Oktober 2018 uraufgef\u00fchrt und auf CD ver\u00f6ffentlicht und anschlie\u00dfend auf verschiedenen Festivals in Deutschland aufgef\u00fchrt wurde. Sein \u201eS.C.H.E.rzo\u201c f\u00fcr Orchester, Op. 25, ein Auftragswerk des Indianapolis Symphony Orchestra, wurde am 17. Januar 2020 unter dem Dirigenten Krzysztof Urba\u0144ski uraufgef\u00fchrt. Lazi\u0107 arbeitet derzeit an seiner ersten Oper, sowohl an der \u201eChinesischen Fantasie\u201c f\u00fcr Violine und Orchester, Op. 22. Im Jahr 2025 ist gemeinsam mit Sikorski | Boosey &amp; Hawkes Musikverleger ein besonderes Kompositionsprojekt zum 50. Todestag von Dmitri Schostakowitsch geplant.<\/p>\n<p>Dejan Lazi\u0107 wurde in Zagreb, Kroatien, in eine Musikerfamilie hineingeboren. Er wuchs in Salzburg auf, wo er am Mozarteum studierte (Klarinette, Klavier und Komposition). Entscheidend f\u00fcr seinen k\u00fcnstlerischen Werdegang war die fr\u00fche Begegnung mit Zolt\u00e1n Kocsis und Imre Rohmann beim Bart\u00f3k-Festival in Ungarn sowie der ma\u00dfgebliche Einfluss von Peter E\u00f6tv\u00f6s. Dejan Lazi\u0107 lebt in Amsterdam.<\/p>\n<\/div><\/div>\n","protected":false},"excerpt":{"rendered":"","protected":false},"author":1,"featured_media":117,"parent":0,"menu_order":1,"comment_status":"closed","ping_status":"closed","template":"","meta":{"_acf_changed":false,"footnotes":""},"acf":[],"_links":{"self":[{"href":"https:\/\/www.dejanlazic.com\/de\/wp-json\/wp\/v2\/pages\/413"}],"collection":[{"href":"https:\/\/www.dejanlazic.com\/de\/wp-json\/wp\/v2\/pages"}],"about":[{"href":"https:\/\/www.dejanlazic.com\/de\/wp-json\/wp\/v2\/types\/page"}],"author":[{"embeddable":true,"href":"https:\/\/www.dejanlazic.com\/de\/wp-json\/wp\/v2\/users\/1"}],"replies":[{"embeddable":true,"href":"https:\/\/www.dejanlazic.com\/de\/wp-json\/wp\/v2\/comments?post=413"}],"version-history":[{"count":3,"href":"https:\/\/www.dejanlazic.com\/de\/wp-json\/wp\/v2\/pages\/413\/revisions"}],"predecessor-version":[{"id":2702,"href":"https:\/\/www.dejanlazic.com\/de\/wp-json\/wp\/v2\/pages\/413\/revisions\/2702"}],"wp:featuredmedia":[{"embeddable":true,"href":"https:\/\/www.dejanlazic.com\/de\/wp-json\/wp\/v2\/media\/117"}],"wp:attachment":[{"href":"https:\/\/www.dejanlazic.com\/de\/wp-json\/wp\/v2\/media?parent=413"}],"curies":[{"name":"wp","href":"https:\/\/api.w.org\/{rel}","templated":true}]}}